{"id":6,"date":"2017-06-05T07:18:16","date_gmt":"2017-06-05T07:18:16","guid":{"rendered":"http:\/\/somogytanc.hu\/main\/?page_id=6"},"modified":"2021-04-30T09:52:23","modified_gmt":"2021-04-30T09:52:23","slug":"zenekar","status":"publish","type":"page","link":"http:\/\/somogytanc.hu\/main\/zenekar\/","title":{"rendered":"Zenekar"},"content":{"rendered":"<p>A zenekar tagjai a hetvenes-nyolcvanas \u00e9vekben ker\u00fcltek kapcsolatba a n\u00e9pi kult\u00fara t\u00e1nc-\u00e9s zenei vonal\u00e1val. Orsz\u00e1gos tendencia volt akkoriban, hogy a t\u00e1nckarok zenei k\u00eds\u00e9ret\u00e9t ell\u00e1t\u00f3 n\u00e9pzen\u00e9szekb\u0151l, zenekarokb\u00f3l \u2013<br \/>\na t\u00e1ncegy\u00fcttesek sz\u00e1m\u00e1hoz k\u00e9pest &#8211; keveset lehetett tal\u00e1lni. T\u00f6bbnyire orsz\u00e1gos t\u00e1borokban lehetett elsaj\u00e1t\u00edtani az alapokat. Ilyen volt a zenekar tagjainak \u00e9let\u00e9ben a somogyi Dudaiskola, ahol Olsvai Imre zeneelm\u00e9leti valamint a hangszeres el\u0151ad\u00f3k gyakorlati oktat\u00e1sa nagym\u00e9rt\u00e9kben meghat\u00e1rozta zenei j\u00f6v\u0151j\u00fcket.<\/p>\n<p><strong>Tagok<br \/>\n<\/strong><span style=\"font-size: 1rem;\">Boldizs\u00e1r Imre<br \/>\nCsikv\u00e1r G\u00e1bor<br \/>\nGy\u00f6rgy-Horv\u00e1th L\u00e1szl\u00f3<br \/>\nHusi Gyula<\/span><\/p>\n<p><span style=\"font-size: 1rem;\">Felde Rebeka<br \/>\nOberhofer Csenger, De\u00e1ky M\u00e1rton<\/span><\/p>\n<p>Hangszerek melyeket megsz\u00f3laltatnak: heged\u0171, k\u00fcrt\u00f6sheged\u0171, br\u00e1csa, nagyb\u0151g\u0151, kecskeduda, citera, teker\u0151lant, koboz, doromb, tamburica, tamburabr\u00e1csa, \u00fct\u0151gardon, tapan, k\u00fcl\u00f6nb\u00f6z\u0151 p\u00e1sztorfuruly\u00e1k \u00e9s egy\u00e9b hangkelt\u0151 eszk\u00f6z\u00f6k.<\/p>\n<p>A zenekar profilj\u00e1ba tartozik a n\u00e9pt\u00e1nc egy\u00fcttesek zenei k\u00eds\u00e9rete, t\u00e1nch\u00e1zak, koncertek, hangszerbemutat\u00f3k \u00e9s ismeretterjeszt\u0151 el\u0151ad\u00e1sok tart\u00e1sa. A kilencvenes \u00e9vek k\u00f6zep\u00e9t\u0151l szoros kapcsolatban \u00e1llnak a sz\u00ednh\u00e1zi vil\u00e1ggal, t\u00f6bb nagysiker\u0171 sz\u00edndarab zen\u00e9j\u00e9nek alkot\u00e1s\u00e1ban vettek r\u00e9szt.<\/p>\n<p>A zenekar n\u00e9h\u00e1ny tagja, mint v\u00e9gzett n\u00e9pzenetan\u00e1r k\u00e9pzi k\u00fcl\u00f6nb\u00f6z\u0151 telep\u00fcl\u00e9seken a j\u00f6v\u0151 nemzed\u00e9k n\u00e9pzen\u00e9szeit, a t\u00f6bbiek pedig t\u00e1nckarok \u00e9s egy\u00e9b m\u0171v\u00e9szeti k\u00f6z\u00f6ss\u00e9gek mellet folytatnak alkot\u00f3i tev\u00e9kenys\u00e9get.<\/p>\n<p><a href=\"http:\/\/somogytanc.hu\/main\/wp-content\/uploads\/2017\/06\/IMG_9098.jpg\"><img loading=\"lazy\" decoding=\"async\" class=\"alignnone wp-image-140 size-large\" src=\"http:\/\/somogytanc.hu\/main\/wp-content\/uploads\/2017\/06\/IMG_9098-1024x683.jpg\" alt=\"\" width=\"525\" height=\"350\" srcset=\"http:\/\/somogytanc.hu\/main\/wp-content\/uploads\/2017\/06\/IMG_9098-1024x683.jpg 1024w, http:\/\/somogytanc.hu\/main\/wp-content\/uploads\/2017\/06\/IMG_9098-300x200.jpg 300w, http:\/\/somogytanc.hu\/main\/wp-content\/uploads\/2017\/06\/IMG_9098-768x512.jpg 768w, http:\/\/somogytanc.hu\/main\/wp-content\/uploads\/2017\/06\/IMG_9098-405x270.jpg 405w\" sizes=\"auto, (max-width: 525px) 100vw, 525px\" \/><\/a><\/p>\n","protected":false},"excerpt":{"rendered":"<p>A zenekar tagjai a hetvenes-nyolcvanas \u00e9vekben ker\u00fcltek kapcsolatba a n\u00e9pi kult\u00fara t\u00e1nc-\u00e9s zenei vonal\u00e1val. Orsz\u00e1gos tendencia volt akkoriban, hogy a t\u00e1nckarok zenei k\u00eds\u00e9ret\u00e9t ell\u00e1t\u00f3 n\u00e9pzen\u00e9szekb\u0151l, zenekarokb\u00f3l \u2013 a t\u00e1ncegy\u00fcttesek sz\u00e1m\u00e1hoz &hellip; <\/p>\n<p class=\"link-more\"><a href=\"http:\/\/somogytanc.hu\/main\/zenekar\/\" class=\"more-link\"><span class=\"screen-reader-text\">&#8222;Zenekar&#8221;<\/span> b\u0151vebben<\/a><\/p>\n","protected":false},"author":1,"featured_media":0,"parent":0,"menu_order":0,"comment_status":"closed","ping_status":"closed","template":"","meta":{"footnotes":""},"class_list":["post-6","page","type-page","status-publish","hentry"],"_links":{"self":[{"href":"http:\/\/somogytanc.hu\/main\/wp-json\/wp\/v2\/pages\/6","targetHints":{"allow":["GET"]}}],"collection":[{"href":"http:\/\/somogytanc.hu\/main\/wp-json\/wp\/v2\/pages"}],"about":[{"href":"http:\/\/somogytanc.hu\/main\/wp-json\/wp\/v2\/types\/page"}],"author":[{"embeddable":true,"href":"http:\/\/somogytanc.hu\/main\/wp-json\/wp\/v2\/users\/1"}],"replies":[{"embeddable":true,"href":"http:\/\/somogytanc.hu\/main\/wp-json\/wp\/v2\/comments?post=6"}],"version-history":[{"count":16,"href":"http:\/\/somogytanc.hu\/main\/wp-json\/wp\/v2\/pages\/6\/revisions"}],"predecessor-version":[{"id":799,"href":"http:\/\/somogytanc.hu\/main\/wp-json\/wp\/v2\/pages\/6\/revisions\/799"}],"wp:attachment":[{"href":"http:\/\/somogytanc.hu\/main\/wp-json\/wp\/v2\/media?parent=6"}],"curies":[{"name":"wp","href":"https:\/\/api.w.org\/{rel}","templated":true}]}}