{"id":35,"date":"2017-06-05T07:22:51","date_gmt":"2017-06-05T07:22:51","guid":{"rendered":"http:\/\/somogytanc.hu\/main\/?page_id=35"},"modified":"2017-06-12T08:07:28","modified_gmt":"2017-06-12T08:07:28","slug":"regi-tagok","status":"publish","type":"page","link":"http:\/\/somogytanc.hu\/main\/regi-tagok\/","title":{"rendered":"R\u00e9gi tagok"},"content":{"rendered":"<p>\u00c1cs \u00c1d\u00e1m<br \/>\n\u00c1cs Krisztina<br \/>\n\u00c1cs Vikt\u00f3ria<br \/>\n\u00c1cs Zsuzsanna<br \/>\n\u00c1gh Zs\u00f3fia<br \/>\n\u00c1gics \u00c9va<br \/>\nAladics L\u00e1szl\u00f3<br \/>\nAmbrus Katalin<br \/>\nAntal Andrea<br \/>\nAntal Istv\u00e1n<br \/>\nAntal Roland<br \/>\nAntalfi Gyula<br \/>\nBabai Jen\u0151<br \/>\nBabics Gabriella<br \/>\nBabos Csaba<br \/>\nBacza Alexandra<br \/>\nBajkai Istv\u00e1n<br \/>\nBajzik \u00c9va<br \/>\nBaka Zsuzsanna<br \/>\nBakos Rezs\u0151<br \/>\nBalassa Tam\u00e1s<br \/>\nBal\u00e1ssy Fanni<br \/>\nBal\u00e1zs B\u00e9la<br \/>\nBal\u00e1zs \u00c9va<br \/>\nBal\u00e1zs S\u00e1ndor<br \/>\nBal\u00e1zsi Tam\u00e1s<br \/>\nBali Kl\u00e1ra<br \/>\nBall\u00e9r L\u00e1szl\u00f3<br \/>\nBalogh Ad\u00e9l<br \/>\nBalogh Enik\u0151<br \/>\nBalogh-M\u00e1rton Panna<br \/>\nBalogh-M\u00e1rton P\u00e9ter<br \/>\nBalogh Tibor<br \/>\nB\u00e1n J\u00f3zsef<br \/>\nBank Gy\u00f6rgy<br \/>\nBar\u00e1th Katalin<br \/>\nBarcza Jen\u0151<br \/>\nBecsei Be\u00e1ta<br \/>\nBedegi M\u00e1rta<br \/>\nB\u00e9k\u00e9si Margit<br \/>\nBergics Lajos<br \/>\nBicz\u00f3 J\u00f3zsef<br \/>\nBiri Csilla<br \/>\nB\u00edr\u00f3 Roz\u00e1lia<br \/>\nBocska Gyula<br \/>\nB\u00f3di Gizella<br \/>\nB\u00f3di Ilona<br \/>\nB\u00f3dis M\u00e1ria<br \/>\nBogd\u00e1n Gergely<br \/>\nBogd\u00e1n Istv\u00e1n<br \/>\nBokor Judit<br \/>\nBoldizs\u00e1r Imre<br \/>\nBoldog Zsuzsa<br \/>\nBorbola \u00c1gota<br \/>\nBoros Anik\u00f3<br \/>\nBoros Ildik\u00f3<br \/>\nDr. Boros Istv\u00e1n<br \/>\nDr. Boros Kata<br \/>\nBotta P\u00e1l P\u00e9ter<br \/>\nB\u00f3zsa Brigitta<br \/>\nB\u0151sze Zolt\u00e1n<br \/>\nBukovics Anna<br \/>\nBukovics Erzs\u00e9bet<br \/>\nBukovics M\u00e1ria<br \/>\nBurcsa J\u00f3zsef<br \/>\nBuzs\u00e1ki Anna<br \/>\nBuzs\u00e1ki Bor\u00f3ka<br \/>\nCzig\u00e1ny Tam\u00e1s<br \/>\nCz\u00f3bel Em\u00edlia<br \/>\nCsap\u00f3 Ang\u00e9la<br \/>\nCsegzi Dalma<br \/>\nCseh G\u00e9za<br \/>\nCsendes Cec\u00edlia<br \/>\nCsikv\u00e1r G\u00e1bor<br \/>\nCsikv\u00e1r J\u00f3zsef<br \/>\nCsikv\u00e1r T\u00edmea<br \/>\nCsorba Margit<br \/>\nCsord\u00e1s Emese<br \/>\nCsord\u00e1s Gy\u00f6ngyv\u00e9r<br \/>\nCs\u0151sz Attila<br \/>\nCsuka Katalin<br \/>\nCsurka \u00c1rp\u00e1d<br \/>\nDancs Anita<br \/>\nDancs Ern\u0151<br \/>\nDancs J\u00f3zsef<br \/>\nDani Lajos<br \/>\nDani Vikt\u00f3ria<br \/>\nD\u00e1ny\u00e1di Bese<br \/>\nDarvas K\u00e1roly<br \/>\nDecsi Istv\u00e1n<br \/>\nD\u00e9nes J\u00e1nos<br \/>\nDetrich Istv\u00e1nn\u00e9<br \/>\nDobos Gyula<br \/>\nDombai Gyula<br \/>\nDombosi Csaba<br \/>\nDomj\u00e1n Lajos<br \/>\nDomokos Krisztina<br \/>\nD\u00f6m\u00f6t\u00f6r G\u00e1bor<br \/>\nEgres Katalin<br \/>\nEgyed Katalin<br \/>\nEgy\u00fcd \u00c1rp\u00e1d<br \/>\nElek Mih\u00e1ly<br \/>\nElmauer Anna<br \/>\nErd\u00e9ly Ferenc<br \/>\nErd\u00e9lyi Erzs\u00e9bet<br \/>\nErd\u0151s Be\u00e1ta<br \/>\nF\u00e1bi\u00e1n J\u00f3zsef<br \/>\nF\u00e1bi\u00e1n Katalin<br \/>\nF\u00e1bos Ibolya<br \/>\nFajtai D\u00e1niel<br \/>\nFalvai Mikl\u00f3s<br \/>\nFalvai T. P\u00e9ter<br \/>\nFarkas \u00c1gnes<br \/>\nFarkas D\u00f3ra<br \/>\nFarkas Edit<br \/>\nFarkas G\u00e1bor<br \/>\nFarkas Kata<br \/>\nFarkas M\u00e1rta<br \/>\nFarkas P\u00e9ter<br \/>\nFarkas R\u00f3zsa<br \/>\nFeh\u00e9r \u00c1gnes<br \/>\nFeh\u00e9r Zolt\u00e1n<br \/>\nFejes Andr\u00e1s<br \/>\nFekete Bal\u00e1zs<br \/>\nFekete Etelka<br \/>\nFekete Mih\u00e1ly<br \/>\nFelde Erika<br \/>\nFelde Rebeka<br \/>\nFerenczi Erzs\u00e9bet<br \/>\nFisli \u00c1kos<br \/>\nFodor Zsuzsanna<br \/>\nFoltin Jol\u00e1n<br \/>\nFrancsics Attila<br \/>\nFrepp\u00e1n Csilla<br \/>\nFriss Imre<br \/>\nFusch Lajos<br \/>\nFusch Lajosn\u00e9<br \/>\nF\u00fcry Stef\u00e1nia<br \/>\nG\u00e1briel Sarolta<br \/>\nG\u00e1cs Andr\u00e1s<br \/>\nGalicz B\u00e9la<br \/>\nGalicz Istv\u00e1n<br \/>\nGalicz J\u00e1nos<br \/>\nGallai Judit<br \/>\nGallai M\u00e1ria<br \/>\nG\u00e1rdos Lajos<br \/>\nGeimberg S\u00e1ndorn\u00e9<br \/>\nGelencs\u00e9r Mikl\u00f3s<br \/>\nGelicz J\u00f3zsef<br \/>\nGergely Attila<br \/>\nGerner Gy\u00f6rgy<br \/>\nGlacz Norbert<br \/>\nGosztonyi Zolt\u00e1n<br \/>\nGyenes Tam\u00e1s<br \/>\nGyenis Istv\u00e1n<br \/>\nGy\u00f6re Simon<br \/>\nGy\u00f6rffy Gabriella<br \/>\nGy\u00f6rgy-Horv\u00e1th L\u00e1szl\u00f3<br \/>\nGy\u00f6ri M\u00f3nika<br \/>\nGyur\u00e1kovics Cec\u00edlia<br \/>\nHal\u00e1sz S\u00e1ndor<br \/>\nHalmos L\u00e1szl\u00f3<br \/>\nHalmos Katalin<br \/>\nHalvax Edit<br \/>\nH\u00e1sz Mih\u00e1ly<br \/>\nHavasi R\u00f3bert<br \/>\nDr. H\u00e1zas K\u00e1roly<br \/>\nH\u00e1zlinger G\u00e1bor<br \/>\nHeged\u0171s Katalin<br \/>\nHeged\u0171s M\u00e1ria<br \/>\nHeinrich Bal\u00e1zs<br \/>\nHeppenheimer Ilona<br \/>\nHerczeg Istv\u00e1n<br \/>\nHideg Ildik\u00f3<br \/>\nH\u00f3dos Gy\u0151z\u0151<br \/>\nH\u00f3man M\u00e1ria<br \/>\nHortob\u00e1gyi Vir\u00e1g<br \/>\nHorv\u00e1th Andr\u00e1s<br \/>\nHorv\u00e1th Bal\u00e1zs<br \/>\nHorv\u00e1th B\u00e1lint<br \/>\nHorv\u00e1th Erzs\u00e9bet<br \/>\nHorv\u00e1th \u00c9va<br \/>\nHorv\u00e1th G\u00e1bor<br \/>\nHorv\u00e1th Gerzson<br \/>\nHorv\u00e1th J\u00e1nos<br \/>\nHorv\u00e1th J\u00f3zsef<br \/>\nHorv\u00e1th Krisztina<br \/>\nHorv\u00e1th L\u00e1szl\u00f3<br \/>\nHorv\u00e1th N\u00f3ra<br \/>\nHorv\u00e1th Tam\u00e1s<br \/>\nHorv\u00e1th Tibor<br \/>\nHorv\u00e1th T\u00edmea<br \/>\nHorv\u00e1th Zsuzsanna<br \/>\nHusi Gyula<br \/>\nIgl\u00f3i \u00c9va<br \/>\nInhoff L\u00e1szl\u00f3<br \/>\nIv\u00e1ncsics Regina<br \/>\nIzs\u00e1ki Bogl\u00e1rka<br \/>\nJakab M\u00e1rk<br \/>\nJ\u00e1dy D\u00e1niel<br \/>\nJ\u00e1dy Zs\u00e1klin<br \/>\nJ\u00e1rf\u00e1s Eszter<br \/>\nJuh\u00e1sz Ibolya<br \/>\nJusics Andrea<br \/>\nK\u00e1ntor L\u00e1szl\u00f3<br \/>\nDr. Kanyar J\u00f3zsef<br \/>\nK\u00e1pl\u00e1r J\u00f3zsef<br \/>\nKaponya Attila<br \/>\nKaposi Carmen<br \/>\nKaposi Krisztina<br \/>\nKaposv\u00e1ri M\u00e1ria<br \/>\nK\u00e1roly J\u00e1nos<br \/>\nKeceli Istv\u00e1n<br \/>\nKeceli Veronika<br \/>\nKecsk\u00e9s Mikl\u00f3s<br \/>\nKelemen Barbara<br \/>\nKelemen Gertr\u00fad<br \/>\nKeller Andrea<br \/>\nKenesei Istv\u00e1n<br \/>\nKerekes \u00c1gnes<br \/>\nKhart Mariann<br \/>\nKir\u00e1ly J\u00f3zsef<br \/>\nKir\u00e1ly R\u00f3bert<br \/>\nKir\u00e1ly Zolt\u00e1n<br \/>\nKircz L\u00e1szl\u00f3<br \/>\nKisign\u00e1cz Istv\u00e1n<br \/>\nKiss Andrea<br \/>\nKiss \u00c1gnes<br \/>\nKoch Lilla<br \/>\nKoch M\u00e1rton<br \/>\nKoch M\u00e1t\u00e9<br \/>\nKoch N\u00f3ra<br \/>\nKoltai Melinda<br \/>\nKomp\u00e1k L\u00e1szl\u00f3<br \/>\nKo\u00f3s Dezs\u0151<br \/>\nKoronczai Judit<br \/>\nK\u00f3sa Em\u0151ke<br \/>\nKov\u00e1cs Anna<br \/>\nKov\u00e1cs Ferenc<br \/>\nKov\u00e1cs Gitta<br \/>\nKov\u00e1cs Ibolya<br \/>\nKov\u00e1cs Judit<br \/>\nKov\u00e1cs Katalin Erzs\u00e9bet<br \/>\nKov\u00e1cs Krisztina<br \/>\nKov\u00e1cs M\u00e1rton<br \/>\nK\u00f6hler Istv\u00e1n<br \/>\nK\u00f6rmendi \u00c9va<br \/>\nKrammer Mariann<br \/>\nKrecsman R\u00f3bert<br \/>\nKrist\u00f3f Gy\u00f6rgyi<br \/>\nKrist\u00f3f Gy\u0151z\u0151<br \/>\nKrist\u00f3f Jen\u0151<br \/>\nKruczler \u00c1gnes<br \/>\nKurucz J\u00f3zsef<br \/>\nLakatos Andrea<br \/>\nL\u00e1szl\u00f3 \u00c1d\u00e1m<br \/>\nL\u00e1szl\u00f3 J\u00f3zsef<br \/>\nLehota Dezs\u0151<br \/>\nLelovics T\u00fcnde<br \/>\nLengyel Veronika<br \/>\nL\u00e9vai J\u00e1nos<br \/>\nL\u00e9vai J\u00f3zsef<br \/>\nL\u00e9vai Petra<br \/>\nL\u00e9vai P\u00e9ter<br \/>\nMagyar Ant\u00f3nia<br \/>\nMagyar J\u00f3zsef<br \/>\nMagyar M\u00f3nika<br \/>\nMagyar Veronika<br \/>\nMajor M\u00e1ria<br \/>\nMajzik Melinda<br \/>\nMarkos M\u00e1ria<br \/>\nM\u00e1rkus G\u00e1bor<br \/>\nMarosi G\u00e1bor<br \/>\nMar\u00f3thi J\u00e1nos<br \/>\nM\u00e1rton Istv\u00e1n<br \/>\nM\u00e1t\u00e9 Borb\u00e1la<br \/>\nM\u00e1t\u00e9 Erzs\u00e9bet<br \/>\nMatl G\u00e1bor<br \/>\nMecseki T\u00fcnde<br \/>\nM\u00e9hes L\u00e9na<br \/>\nMerczel Anna<br \/>\nMerczel Istv\u00e1n<br \/>\nMerczel R\u00e9ka<br \/>\nMerczel S\u00e1ra<br \/>\nMerkei D\u00f3ra<br \/>\nM\u00e9sz\u00e1ros Gyula<br \/>\nM\u00e9sz\u00e1ros Istv\u00e1n<br \/>\nM\u00e9zes M\u00e1ria<br \/>\nMichl Andr\u00e1s<br \/>\nMichl M\u00e1rton<br \/>\nMihocsi G\u00e1bor<br \/>\nMike Jol\u00e1n<br \/>\nMike Zs\u00f3fia<br \/>\nMikecz M\u00e1ty\u00e1s<br \/>\nMikocsi Tibor<br \/>\nMiszlang J\u00e1nos<br \/>\nMoln\u00e1r \u00c9va<br \/>\nMoln\u00e1r Ferenc<br \/>\nMos\u00f3czi Istv\u00e1n<br \/>\nM\u00f3zner J\u00e1nos<br \/>\nNagy Be\u00e1ta<br \/>\nNagy Csilla<br \/>\nNagy Erika<br \/>\nNagy Hajnal<br \/>\nNagy Imre<br \/>\nNagy Magdolna<br \/>\nNagy No\u00e9mi<br \/>\nNagy S\u00e1ndor<br \/>\nNagy Vikt\u00f3ria<br \/>\nNagy Vivien<br \/>\nN\u00e9meth \u00c1gnes<br \/>\nN\u00e9meth Anita<br \/>\nN\u00e9meth \u00c1rp\u00e1d<br \/>\nN\u00e9meth Gizella<br \/>\nN\u00e9meth J\u00e1nos<br \/>\nN\u00e9meth Lajos<br \/>\nN\u00e9meth Nikolett<br \/>\nN\u00e9meth P\u00e9ter<br \/>\nNeudhart Kata<br \/>\nNikolics Istv\u00e1n<br \/>\nNy\u00fal M\u00e1ria<br \/>\nNyulas Bernadett<br \/>\nOl\u00e1h J\u00f3zsef<br \/>\n\u00d3l\u00e1h J\u00f3zsef<br \/>\nOrb\u00e1n Csaba<br \/>\nOrb\u00e1n G\u00e1bor<br \/>\nOrsz\u00e1gh Gy\u0151z\u0151<br \/>\n\u0150si K\u00e1roly<br \/>\nPap Kl\u00e1ra<br \/>\nPap Zsolt<br \/>\nPapp K\u00e1roly<br \/>\nPatak Norbert<br \/>\nPataky Annam\u00e1ria<br \/>\nPavl\u00e9nyi Gy\u00f6rgyi<br \/>\nPeti S\u00e1ra<br \/>\nPerus Imre<br \/>\nPercze Rajmond<br \/>\nP\u00e9csi R\u00e9ka<br \/>\nPolecs\u00e1k P\u00e9ter<br \/>\nPolg\u00e1r N\u00f3ra<br \/>\nPomezs\u00e1nszky Judit<br \/>\nPorga \u00c9va<br \/>\nPulai J\u00e1nos<br \/>\nPusk\u00e1s Be\u00e1ta<br \/>\nPusk\u00e1s N\u00f3ra<br \/>\nPusk\u00e1s Zolt\u00e1n<br \/>\nPusp\u00e1n S\u00e1ra<br \/>\nR\u00e1bai Lajos<br \/>\nRajna Eszter<br \/>\nRumszauer J\u00e1nosn\u00e9<br \/>\nDr. R\u00e9cei S\u00e1ndor<br \/>\nR\u00e9z Judit<br \/>\nRonga Di\u00e1na<br \/>\nR\u00f3nai Bal\u00e1zs<br \/>\nR\u00f3nai Csaba<br \/>\nRuczek Zs\u00f3fia<br \/>\nS\u00e1fr\u00e1ny Zolt\u00e1n<br \/>\nS\u00e1ly Zolt\u00e1n<br \/>\nSchelhammer L\u00e1szl\u00f3<br \/>\nSchramm Oliv\u00e9r<br \/>\nSchifferer D\u00f3ra<br \/>\nSeidler Antal<br \/>\nSick Gyula<br \/>\nSimon Andrea<br \/>\nSimon Ang\u00e9la<br \/>\nSimon L\u00e1szl\u00f3<br \/>\nSimon P\u00e1l<br \/>\nSimon R\u00e9ka<br \/>\nSimon Tam\u00e1s<br \/>\nSipos Gabriella<br \/>\nSomogyv\u00e1ri Judit<br \/>\nSud\u00e1r Alexandra<br \/>\nSpeiser Marietta<br \/>\nStadler Zolt\u00e1n<br \/>\nStanics M\u00e1rta<br \/>\nSt\u00e9ger D\u00e1niel<br \/>\nStickl Di\u00e1na<br \/>\nStix Kriszta<br \/>\nSzabad Zsolt<br \/>\nSzabados P\u00e9ter<br \/>\nSzab\u00f3 Istv\u00e1n<br \/>\nSzab\u00f3 Ott\u00f3<br \/>\nSzab\u00f3 Szilvia<br \/>\nSzaka Bernadett<br \/>\nSzalai L\u00e1szl\u00f3<br \/>\nSzalai Laura<br \/>\nSzalai Zsolt<br \/>\nSzalmas\u00e1gi Katalin<br \/>\nSzek\u00e9r Lajos<br \/>\nSz\u00e9les Val\u00e9ria<br \/>\nSzemenyei \u00c9va<br \/>\nSzendr\u0151 Tibor<br \/>\nSzentp\u00e1li Edit<br \/>\nSz\u00e9p J\u00falia<br \/>\nSzerecz R\u00f3bert<br \/>\nSzikora M\u00e1ria<br \/>\nSzikra Korn\u00e9lia<br \/>\nSzili P\u00e9ter<br \/>\nSzita M\u00e1ria<br \/>\nSzita Melinda<br \/>\nSz\u0151ll\u0151si Anna<br \/>\nSz\u0171cs J\u00e1nos<br \/>\nSz\u0171cs T\u00edmea<br \/>\nTak\u00e1cs Ang\u00e9la<br \/>\nTak\u00e1cs Boldizs\u00e1r<br \/>\nTak\u00e1cs G\u00e1bor<br \/>\nTak\u00e1cs L\u00e1szl\u00f3<br \/>\nT\u00e1los Ildik\u00f3<br \/>\nT\u00e1los Katalin<br \/>\nTam\u00e1s L\u00f3r\u00e1nt<br \/>\nTcsheppen Attila<br \/>\nTeveli Bal\u00e1zs<br \/>\nT\u00f3ki Horv\u00e1th Gyula<br \/>\nT\u00f3ki Horv\u00e1th J\u00f3zsef<br \/>\nTombor J\u00f3zsef<br \/>\nTopolics J\u00e1nos<br \/>\nT\u00f3th Adrienn<br \/>\nT\u00f3th B\u00e9la<br \/>\nT\u00f3th Dorottya<br \/>\nT\u00f3th Ferenc<br \/>\nT\u00f3th Gy\u00f6rgy<br \/>\nT\u00f3th L\u00e1szl\u00f3<br \/>\nT\u00f3th Luca<br \/>\nT\u00f3th M\u00e1rta<br \/>\nT\u00f3th Rich\u00e1rd<br \/>\nTuboly L\u00e1szl\u00f3<br \/>\nTuji G\u00e9za<br \/>\nTurb\u00e9ki M\u00e1ria<br \/>\nTuri Endre<br \/>\nUhrin Margit<br \/>\nUngv\u00e1ri Gy\u00f6rgy<br \/>\nUtasi Tam\u00e1s<br \/>\nVad\u00e1sz Viktor<br \/>\nVarga Eszter<br \/>\nVarga Istv\u00e1n<br \/>\nVarga K\u00e1lm\u00e1n<br \/>\nVarga Melinda<br \/>\nVarjas Tam\u00e1s<br \/>\nVas Izabella<br \/>\nVasas Zolt\u00e1n<br \/>\nVass L\u00e1szl\u00f3<br \/>\nVida Ibolya<br \/>\nVida J\u00f3zsef<br \/>\nVilics Judit<br \/>\nVincze \u00c9va<br \/>\nVink L\u00e1szl\u00f3<br \/>\nVisnyei M\u00e1rta<br \/>\nVogrencsics Ilona<br \/>\nV\u00f6r\u00f6s G\u00e1bor<br \/>\nV\u00f6r\u00f6s Gy\u00f6rgyi<br \/>\nV\u00f6r\u00f6s Rezs\u0151<br \/>\nV\u00f6r\u00f6s S\u00e1ndor<br \/>\nZakor T\u00edmea<br \/>\nZelczer Erzs\u00e9bet<br \/>\nZ\u00f3ka \u00c9va<br \/>\nZ\u00f3ka Tibor<br \/>\nZsibor\u00e1s Ferenc<br \/>\nZsibor\u00e1s J\u00f3zsef<br \/>\nZs\u00edros Istv\u00e1n<br \/>\nZs\u00edros J\u00f3zsef<br \/>\nZs\u00edros M\u00e1ria<\/p>\n","protected":false},"excerpt":{"rendered":"<p>\u00c1cs \u00c1d\u00e1m \u00c1cs Krisztina \u00c1cs Vikt\u00f3ria \u00c1cs Zsuzsanna \u00c1gh Zs\u00f3fia \u00c1gics \u00c9va Aladics L\u00e1szl\u00f3 Ambrus Katalin Antal Andrea Antal Istv\u00e1n Antal Roland Antalfi Gyula Babai Jen\u0151 Babics Gabriella Babos Csaba &hellip; <\/p>\n<p class=\"link-more\"><a href=\"http:\/\/somogytanc.hu\/main\/regi-tagok\/\" class=\"more-link\"><span class=\"screen-reader-text\">&#8222;R\u00e9gi tagok&#8221;<\/span> b\u0151vebben<\/a><\/p>\n","protected":false},"author":1,"featured_media":0,"parent":0,"menu_order":0,"comment_status":"closed","ping_status":"closed","template":"","meta":{"footnotes":""},"class_list":["post-35","page","type-page","status-publish","hentry"],"_links":{"self":[{"href":"http:\/\/somogytanc.hu\/main\/wp-json\/wp\/v2\/pages\/35","targetHints":{"allow":["GET"]}}],"collection":[{"href":"http:\/\/somogytanc.hu\/main\/wp-json\/wp\/v2\/pages"}],"about":[{"href":"http:\/\/somogytanc.hu\/main\/wp-json\/wp\/v2\/types\/page"}],"author":[{"embeddable":true,"href":"http:\/\/somogytanc.hu\/main\/wp-json\/wp\/v2\/users\/1"}],"replies":[{"embeddable":true,"href":"http:\/\/somogytanc.hu\/main\/wp-json\/wp\/v2\/comments?post=35"}],"version-history":[{"count":2,"href":"http:\/\/somogytanc.hu\/main\/wp-json\/wp\/v2\/pages\/35\/revisions"}],"predecessor-version":[{"id":90,"href":"http:\/\/somogytanc.hu\/main\/wp-json\/wp\/v2\/pages\/35\/revisions\/90"}],"wp:attachment":[{"href":"http:\/\/somogytanc.hu\/main\/wp-json\/wp\/v2\/media?parent=35"}],"curies":[{"name":"wp","href":"https:\/\/api.w.org\/{rel}","templated":true}]}}