{"id":17,"date":"2017-06-05T07:20:30","date_gmt":"2017-06-05T07:20:30","guid":{"rendered":"http:\/\/somogytanc.hu\/main\/?page_id=17"},"modified":"2021-04-30T09:58:11","modified_gmt":"2021-04-30T09:58:11","slug":"tamogatok","status":"publish","type":"page","link":"http:\/\/somogytanc.hu\/main\/tamogatok\/","title":{"rendered":"T\u00e1mogat\u00f3k"},"content":{"rendered":"<p>Alap\u00edtv\u00e1nyunk ny\u00edlt, k\u00f6zhaszn\u00fa szervezet, melyhez mind mag\u00e1nszem\u00e9lyek, v\u00e1llalatok, int\u00e9zm\u00e9nyek, mind szervezetek csatlakozhatnak. A t\u00e1mogat\u00f3k a befizetett\/\u00e1tutalt p\u00e9nz\u00f6sszeg ut\u00e1n &#8211; a mindenkor \u00e9rv\u00e9nyben l\u00e9v\u0151 ad\u00f3t\u00f6rv\u00e9nyek szerint &#8211; ad\u00f3kedvezm\u00e9nyt \u00e9rv\u00e9nyes\u00edthetnek az Alap\u00edtv\u00e1ny igazol\u00e1sa alapj\u00e1n.<\/p>\n<p><strong>Somogy T\u00e1ncegy\u00fcttes Alap\u00edtv\u00e1ny<\/strong><br \/>\n7400 Kaposv\u00e1r, Nagy Imre t\u00e9r 2.<br \/>\nAd\u00f3sz\u00e1m: 19193494-1-14<br \/>\nBanksz\u00e1mla: Budapest Bank Rt.,<br \/>\n10103214-13519425-00000004<\/p>\n<p>Amennyiben egyet\u00e9rt az Alap\u00edtv\u00e1ny c\u00e9ljaival \u00e9s t\u00f6rekv\u00e9seivel, k\u00e9rj\u00fck, t\u00e1mogassa tev\u00e9kenys\u00e9g\u00fcnket!<\/p>\n<p>\u00c1lland\u00f3 rekl\u00e1mhelyet honlapunkon tudunk biztos\u00edtani, illetve prom\u00f3ci\u00f3s kiadv\u00e1nyainkon (plak\u00e1tok, prospektusok, DVD-k) is elhelyezhetik t\u00e1mogat\u00f3ink log\u00f3ikat.<\/p>\n<p><a href=\"http:\/\/somogytanc.hu\/main\/wp-content\/uploads\/2017\/06\/IMG_9763.jpg\"><img loading=\"lazy\" decoding=\"async\" class=\"alignnone wp-image-142 size-large\" src=\"http:\/\/somogytanc.hu\/main\/wp-content\/uploads\/2017\/06\/IMG_9763-1024x683.jpg\" alt=\"\" width=\"525\" height=\"350\" srcset=\"http:\/\/somogytanc.hu\/main\/wp-content\/uploads\/2017\/06\/IMG_9763-1024x683.jpg 1024w, http:\/\/somogytanc.hu\/main\/wp-content\/uploads\/2017\/06\/IMG_9763-300x200.jpg 300w, http:\/\/somogytanc.hu\/main\/wp-content\/uploads\/2017\/06\/IMG_9763-768x512.jpg 768w, http:\/\/somogytanc.hu\/main\/wp-content\/uploads\/2017\/06\/IMG_9763-405x270.jpg 405w\" sizes=\"auto, (max-width: 525px) 100vw, 525px\" \/><\/a><\/p>\n","protected":false},"excerpt":{"rendered":"<p>Alap\u00edtv\u00e1nyunk ny\u00edlt, k\u00f6zhaszn\u00fa szervezet, melyhez mind mag\u00e1nszem\u00e9lyek, v\u00e1llalatok, int\u00e9zm\u00e9nyek, mind szervezetek csatlakozhatnak. A t\u00e1mogat\u00f3k a befizetett\/\u00e1tutalt p\u00e9nz\u00f6sszeg ut\u00e1n &#8211; a mindenkor \u00e9rv\u00e9nyben l\u00e9v\u0151 ad\u00f3t\u00f6rv\u00e9nyek szerint &#8211; ad\u00f3kedvezm\u00e9nyt \u00e9rv\u00e9nyes\u00edthetnek az Alap\u00edtv\u00e1ny &hellip; <\/p>\n<p class=\"link-more\"><a href=\"http:\/\/somogytanc.hu\/main\/tamogatok\/\" class=\"more-link\"><span class=\"screen-reader-text\">&#8222;T\u00e1mogat\u00f3k&#8221;<\/span> b\u0151vebben<\/a><\/p>\n","protected":false},"author":1,"featured_media":0,"parent":0,"menu_order":0,"comment_status":"closed","ping_status":"closed","template":"","meta":{"footnotes":""},"class_list":["post-17","page","type-page","status-publish","hentry"],"_links":{"self":[{"href":"http:\/\/somogytanc.hu\/main\/wp-json\/wp\/v2\/pages\/17","targetHints":{"allow":["GET"]}}],"collection":[{"href":"http:\/\/somogytanc.hu\/main\/wp-json\/wp\/v2\/pages"}],"about":[{"href":"http:\/\/somogytanc.hu\/main\/wp-json\/wp\/v2\/types\/page"}],"author":[{"embeddable":true,"href":"http:\/\/somogytanc.hu\/main\/wp-json\/wp\/v2\/users\/1"}],"replies":[{"embeddable":true,"href":"http:\/\/somogytanc.hu\/main\/wp-json\/wp\/v2\/comments?post=17"}],"version-history":[{"count":7,"href":"http:\/\/somogytanc.hu\/main\/wp-json\/wp\/v2\/pages\/17\/revisions"}],"predecessor-version":[{"id":802,"href":"http:\/\/somogytanc.hu\/main\/wp-json\/wp\/v2\/pages\/17\/revisions\/802"}],"wp:attachment":[{"href":"http:\/\/somogytanc.hu\/main\/wp-json\/wp\/v2\/media?parent=17"}],"curies":[{"name":"wp","href":"https:\/\/api.w.org\/{rel}","templated":true}]}}